{"id":71,"date":"2008-10-25T17:08:02","date_gmt":"2008-10-25T15:08:02","guid":{"rendered":"http:\/\/mutz.at\/de\/?page_id=71"},"modified":"2008-10-25T17:08:02","modified_gmt":"2008-10-25T15:08:02","slug":"hausverwaltung","status":"publish","type":"page","link":"https:\/\/mutz.at\/?page_id=71","title":{"rendered":"Hausverwaltung"},"content":{"rendered":"<p>Im Rahmen unserer Konzession als staatlich gepr\u00fcfter <strong>Immobilienverwalter, Makler <\/strong>und <strong>Bautr\u00e4ger <\/strong>k\u00f6nnen wir<a href=\"http:\/\/mutz.at\/de\/wp-content\/uploads\/immo_logo.gif\"><img decoding=\"async\" loading=\"lazy\" class=\"alignright size-full wp-image-89\" title=\"Immobilientreuh\u00e4nder\" src=\"http:\/\/mutz.at\/de\/wp-content\/uploads\/immo_logo.gif\" alt=\"\" width=\"86\" height=\"51\" \/><\/a><\/p>\n<ul>\n<li>\n<h3>Ihre Liegenschaft verwalten<\/h3>\n<\/li>\n<li>\n<h3>Bewertungsgutachten erstellen<\/h3>\n<\/li>\n<li>\n<h3>Liegenschaftsabrechnungen erstellen<\/h3>\n<\/li>\n<li>\n<h3>Hausabrechnungen \u00fcberpr\u00fcfen<\/h3>\n<\/li>\n<li>\n<h3>Mietvertr\u00e4ge vorbereiten<\/h3>\n<\/li>\n<li>\n<h3>Allgemeine Verwaltungst\u00e4tigkeiten erledigen<\/h3>\n<\/li>\n<li>\n<h3>Ausschreibungen vornehmen<\/h3>\n<\/li>\n<li>\n<h3>Maklert\u00e4tigkeiten durchf\u00fchren<\/h3>\n<\/li>\n<\/ul>\n","protected":false},"excerpt":{"rendered":"<p>Im Rahmen unserer Konzession als staatlich gepr\u00fcfter Immobilienverwalter, Makler und Bautr\u00e4ger k\u00f6nnen wir Ihre Liegenschaft verwalten Bewertungsgutachten erstellen Liegenschaftsabrechnungen erstellen Hausabrechnungen \u00fcberpr\u00fcfen Mietvertr\u00e4ge vorbereiten Allgemeine Verwaltungst\u00e4tigkeiten erledigen Ausschreibungen vornehmen Maklert\u00e4tigkeiten &#8230;<\/p>\n","protected":false},"author":2,"featured_media":0,"parent":0,"menu_order":70,"comment_status":"closed","ping_status":"closed","template":"","meta":{"footnotes":""},"_links":{"self":[{"href":"https:\/\/mutz.at\/index.php?rest_route=\/wp\/v2\/pages\/71"}],"collection":[{"href":"https:\/\/mutz.at\/index.php?rest_route=\/wp\/v2\/pages"}],"about":[{"href":"https:\/\/mutz.at\/index.php?rest_route=\/wp\/v2\/types\/page"}],"author":[{"embeddable":true,"href":"https:\/\/mutz.at\/index.php?rest_route=\/wp\/v2\/users\/2"}],"replies":[{"embeddable":true,"href":"https:\/\/mutz.at\/index.php?rest_route=%2Fwp%2Fv2%2Fcomments&post=71"}],"version-history":[{"count":0,"href":"https:\/\/mutz.at\/index.php?rest_route=\/wp\/v2\/pages\/71\/revisions"}],"wp:attachment":[{"href":"https:\/\/mutz.at\/index.php?rest_route=%2Fwp%2Fv2%2Fmedia&parent=71"}],"curies":[{"name":"wp","href":"https:\/\/api.w.org\/{rel}","templated":true}]}}