{"id":47,"date":"2008-10-25T16:17:15","date_gmt":"2008-10-25T14:17:15","guid":{"rendered":"http:\/\/mutz.at\/de\/?page_id=47"},"modified":"2008-10-25T16:17:15","modified_gmt":"2008-10-25T14:17:15","slug":"dienstleistungen","status":"publish","type":"page","link":"https:\/\/mutz.at\/?page_id=47","title":{"rendered":"Dienstleistungen"},"content":{"rendered":"<p>Wir erbringen Dienstleistungen f\u00fcr Einzelunternehmer, Personengesellschaften, Kapitalgesellschaften wie<\/p>\n<h2>Steuerberatungsleistungen<\/h2>\n<ul>\n<li>Beratung in allen Steuer- und Doppelbesteuerungsfragen<\/li>\n<li>Steuerliche Vertrags\u00fcberpr\u00fcfung und Gestaltung<\/li>\n<li>Bilanzerstellung samt Steuererkl\u00e4rungen<\/li>\n<li>steuerliche Vertretung bei Betriebspr\u00fcfungen<\/li>\n<li>steuerliche Beratung bei Unternehmensverk\u00e4ufen und Betriebsnachfolgen<\/li>\n<li>Vertretung bei Lohsteuer- und Sozialversicherungspr\u00fcfungen<\/li>\n<li>Stellung von Antr\u00e4gen im Zusammenhang mit Steuern<\/li>\n<li>aktuelle Steuerinformationen auf unserer Internetseite<\/li>\n<\/ul>\n<h2>Sozialversicherungsberatung<\/h2>\n<h2>Unternehmensberatung und Unternehmensbewertungen<\/h2>\n<ul>\n<li>Unternehmensbewertungen<\/li>\n<li>Budgetierung, Liquidit\u00e4tsplanung,<\/li>\n<li>Ratingberechnungen<\/li>\n<li>Bereitstellung von Berechnungsprogrammen f\u00fcr diverse Anwendungen<\/li>\n<li>aktuelle Wirtschaftsinformationen auf unserer Internetseite<\/li>\n<\/ul>\n<h2>Dienstleistungen im Bereich der Buchhaltung und Rechnungswesen<\/h2>\n<ul>\n<li>Erstellung von Buchhaltungen<\/li>\n<li>Erstellung von Jahresabschl\u00fcssen<\/li>\n<li>Erstellung der kurzfristigen Erfolgsrechungen<\/li>\n<li>Berechnung und elektronische \u00dcbermittlung der Umsatzsteuervoranmeldungen<\/li>\n<li>Kostenstellenauswertungen\n<\/li>\n<\/ul>\n<h2>Dienstleistungen im Bereich der Personalverrechnung<\/h2>\n<ul>\n<li>Erstellung von monatlichen Lohnabrechungen<\/li>\n<li>elektronische Daten\u00fcbermittlung an die Gebietskrankenkasse und das Finanzamt<\/li>\n<li>Erstellung der Datentr\u00e4ger f\u00fcr die Bank\u00fcberweisungen<\/li>\n<li>Beratung in arbeitsrechtlichen Fragen<\/li>\n<\/ul>\n","protected":false},"excerpt":{"rendered":"<p>Wir erbringen Dienstleistungen f\u00fcr Einzelunternehmer, Personengesellschaften, Kapitalgesellschaften wie Steuerberatungsleistungen Beratung in allen Steuer- und Doppelbesteuerungsfragen Steuerliche Vertrags\u00fcberpr\u00fcfung und Gestaltung Bilanzerstellung samt Steuererkl\u00e4rungen steuerliche Vertretung bei Betriebspr\u00fcfungen steuerliche Beratung bei Unternehmensverk\u00e4ufen &#8230;<\/p>\n","protected":false},"author":2,"featured_media":0,"parent":0,"menu_order":10,"comment_status":"closed","ping_status":"closed","template":"","meta":{"footnotes":""},"_links":{"self":[{"href":"https:\/\/mutz.at\/index.php?rest_route=\/wp\/v2\/pages\/47"}],"collection":[{"href":"https:\/\/mutz.at\/index.php?rest_route=\/wp\/v2\/pages"}],"about":[{"href":"https:\/\/mutz.at\/index.php?rest_route=\/wp\/v2\/types\/page"}],"author":[{"embeddable":true,"href":"https:\/\/mutz.at\/index.php?rest_route=\/wp\/v2\/users\/2"}],"replies":[{"embeddable":true,"href":"https:\/\/mutz.at\/index.php?rest_route=%2Fwp%2Fv2%2Fcomments&post=47"}],"version-history":[{"count":0,"href":"https:\/\/mutz.at\/index.php?rest_route=\/wp\/v2\/pages\/47\/revisions"}],"wp:attachment":[{"href":"https:\/\/mutz.at\/index.php?rest_route=%2Fwp%2Fv2%2Fmedia&parent=47"}],"curies":[{"name":"wp","href":"https:\/\/api.w.org\/{rel}","templated":true}]}}