{"id":37,"date":"2008-10-25T15:46:49","date_gmt":"2008-10-25T13:46:49","guid":{"rendered":"http:\/\/mutz.at\/de\/?page_id=37"},"modified":"2008-10-25T15:46:49","modified_gmt":"2008-10-25T13:46:49","slug":"vereine","status":"publish","type":"page","link":"https:\/\/mutz.at\/?page_id=37","title":{"rendered":"Vereine"},"content":{"rendered":"<p>F\u00fcr ein erfolgreiches Vereinsleben, sollten die Rahmenbedingungen richtig gestaltet sein, um f\u00fcr den Ernstfall ger\u00fcstet zu sein. Zu diesen Fragen geh\u00f6ren:<\/p>\n<ul>\n<li>\n<h3>Gestaltung der Vereinsstatuten<\/h3>\n<\/li>\n<li>\n<h3>F\u00fchrung der B\u00fccher und Aufzeichnungen in finanziellen Angelegenheiten<\/h3>\n<\/li>\n<li>\n<h3>Durchf\u00fchrung von Rechnungspr\u00fcfungen<\/h3>\n<\/li>\n<li>\n<h3>Durchf\u00fchrung der Lohnverrechnung<\/h3>\n<\/li>\n<li>\n<h3>Kl\u00e4rung steuerlicher Fragen<\/h3>\n<\/li>\n<li>\n<h3>Meldung der Umsatzsteuern<\/h3>\n<\/li>\n<li>\n<h3>Downloads<\/h3>\n<\/li>\n<\/ul>\n","protected":false},"excerpt":{"rendered":"<p>F\u00fcr ein erfolgreiches Vereinsleben, sollten die Rahmenbedingungen richtig gestaltet sein, um f\u00fcr den Ernstfall ger\u00fcstet zu sein. Zu diesen Fragen geh\u00f6ren: Gestaltung der Vereinsstatuten F\u00fchrung der B\u00fccher und Aufzeichnungen in &#8230;<\/p>\n","protected":false},"author":2,"featured_media":0,"parent":0,"menu_order":40,"comment_status":"closed","ping_status":"closed","template":"","meta":{"footnotes":""},"_links":{"self":[{"href":"https:\/\/mutz.at\/index.php?rest_route=\/wp\/v2\/pages\/37"}],"collection":[{"href":"https:\/\/mutz.at\/index.php?rest_route=\/wp\/v2\/pages"}],"about":[{"href":"https:\/\/mutz.at\/index.php?rest_route=\/wp\/v2\/types\/page"}],"author":[{"embeddable":true,"href":"https:\/\/mutz.at\/index.php?rest_route=\/wp\/v2\/users\/2"}],"replies":[{"embeddable":true,"href":"https:\/\/mutz.at\/index.php?rest_route=%2Fwp%2Fv2%2Fcomments&post=37"}],"version-history":[{"count":0,"href":"https:\/\/mutz.at\/index.php?rest_route=\/wp\/v2\/pages\/37\/revisions"}],"wp:attachment":[{"href":"https:\/\/mutz.at\/index.php?rest_route=%2Fwp%2Fv2%2Fmedia&parent=37"}],"curies":[{"name":"wp","href":"https:\/\/api.w.org\/{rel}","templated":true}]}}