{"id":339,"date":"2019-08-12T13:17:19","date_gmt":"2019-08-12T13:17:19","guid":{"rendered":"https:\/\/mutz.at\/?page_id=339"},"modified":"2020-01-18T20:12:46","modified_gmt":"2020-01-18T20:12:46","slug":"impressum","status":"publish","type":"page","link":"https:\/\/mutz.at\/?page_id=339","title":{"rendered":"Impressum"},"content":{"rendered":"\n<h2 class=\"wp-block-heading\">Wichtige rechtliche Hinweise <\/h2>\n\n\n\n<h3 class=\"wp-block-heading\">Datenschutzgrundverordnung<\/h3>\n\n\n\n<p>In Erf\u00fcllung der gesetzlichen Vorschriften finden Sie <a href=\"http:\/\/mutz.at\/de\/wp-content\/uploads\/Mutz-Datenschutzerkl\u00e4rung-f\u00fcr-Klienten-20181.pdf\">hier<\/a> unsere Datenschutzrichtlinie. <\/p>\n\n\n\n<p>Datenschutzverantworlicher ist Mag. Michael Mutz<\/p>\n\n\n\n<h3 class=\"wp-block-heading\">Sonstige rechtliche Hinweise<\/h3>\n\n\n\n<p>Der Inhalt unserer Website dient ausschlie\u00dflich Informationszwecken.<\/p>\n\n\n\n<p>Die Inhalte und auch die Berechungsvorlagen d\u00fcrfen nicht als verbindliche Rechtsauskunft zu bestimmten Themenbereichen verstanden werden und es entsteht daraus ausdr\u00fccklich kein Auftragsverh\u00e4ltnis.<\/p>\n\n\n\n<p>Wir machen Sie auch darauf aufmerksam, dass die Kommunikation \u00fcber e-Mail nicht vollkommen sicher ist. Unsere Kanzlei lehnt deshalb jegliche Haftung f\u00fcr die Verletzung des Steuergeheimnisses ab, soweit diese auf die Kommunikation im Wege von e-Mails zur\u00fcckzuf\u00fchren ist.<\/p>\n\n\n\n<h3 class=\"wp-block-heading\">Wirtschaftstreuh\u00e4nder &#8211; Steuerberater<\/h3>\n\n\n\n<h2 class=\"wp-block-heading\">Mag. Mutz SteuerberatungsgmbH und<br>Mag. Michael Mutz <\/h2>\n\n\n\n<p>Trappelgasse 4,<br>1040 Wien<br>Telefon: (01) 503 73 00<br>Fax: (01) 503 73 00 30<br>Mail: <a href=\"mailto:office@mutz.at\">office@mutz.at<\/a><\/p>\n\n\n\n<h4 class=\"wp-block-heading\">Firmenbuch<\/h4>\n\n\n\n<p>Handelsgericht Wien, FN 274458s<br>Gesch\u00e4ftsf\u00fchrer Mag. Michael Mutz<\/p>\n\n\n\n<h4 class=\"wp-block-heading\">Allgemeine Auftragsbedingungen<\/h4>\n\n\n\n<h4 class=\"wp-block-heading\">Honorargrunds\u00e4tze<\/h4>\n\n\n\n<h4 class=\"wp-block-heading\">Bankverbindung<\/h4>\n\n\n\n<p>Raiffeisenlandesbank Ober\u00f6sterreich<br>BLZ 34.000<br>Kontonummer 7.211.360<br>IBAN AT80 3400 0000 0721 1360<br>BIC (SWIFT) RZOOAT2L<\/p>\n\n\n\n<p>Aufsichtsbeh\u00f6rde ist die <a href=\"http:\/\/www.kwt.or.at\/\" target=\"_blank\" rel=\"noreferrer noopener\">Kammer der Wirtschaftstreuh\u00e4nder.<\/a>.<br>Wir erbringen unsere Dienstleistungen auf Basis der Allgemeinen Auftragsbedingungen f\u00fcr Wirtschaftstreuhandberufe und unserer Honorarrichtlinien.<\/p>\n\n\n\n<p><\/p>\n","protected":false},"excerpt":{"rendered":"<p>Wichtige rechtliche Hinweise Datenschutzgrundverordnung In Erf\u00fcllung der gesetzlichen Vorschriften finden Sie hier unsere Datenschutzrichtlinie. Datenschutzverantworlicher ist Mag. Michael Mutz Sonstige rechtliche Hinweise Der Inhalt unserer Website dient ausschlie\u00dflich Informationszwecken. Die &#8230;<\/p>\n","protected":false},"author":1,"featured_media":0,"parent":0,"menu_order":0,"comment_status":"closed","ping_status":"closed","template":"","meta":{"footnotes":""},"_links":{"self":[{"href":"https:\/\/mutz.at\/index.php?rest_route=\/wp\/v2\/pages\/339"}],"collection":[{"href":"https:\/\/mutz.at\/index.php?rest_route=\/wp\/v2\/pages"}],"about":[{"href":"https:\/\/mutz.at\/index.php?rest_route=\/wp\/v2\/types\/page"}],"author":[{"embeddable":true,"href":"https:\/\/mutz.at\/index.php?rest_route=\/wp\/v2\/users\/1"}],"replies":[{"embeddable":true,"href":"https:\/\/mutz.at\/index.php?rest_route=%2Fwp%2Fv2%2Fcomments&post=339"}],"version-history":[{"count":3,"href":"https:\/\/mutz.at\/index.php?rest_route=\/wp\/v2\/pages\/339\/revisions"}],"predecessor-version":[{"id":405,"href":"https:\/\/mutz.at\/index.php?rest_route=\/wp\/v2\/pages\/339\/revisions\/405"}],"wp:attachment":[{"href":"https:\/\/mutz.at\/index.php?rest_route=%2Fwp%2Fv2%2Fmedia&parent=339"}],"curies":[{"name":"wp","href":"https:\/\/api.w.org\/{rel}","templated":true}]}}